{"id":3527,"date":"2025-10-28T13:50:11","date_gmt":"2025-10-28T13:50:11","guid":{"rendered":"https:\/\/solsportsclub.org\/?page_id=3527"},"modified":"2025-10-28T13:55:26","modified_gmt":"2025-10-28T13:55:26","slug":"mls-next-code-of-conduct","status":"publish","type":"page","link":"https:\/\/solsportsclub.org\/es\/mls-next-code-of-conduct\/","title":{"rendered":"MLS NEXT C\u00d3DIGO DE CONDUCTA"},"content":{"rendered":"<div data-elementor-type=\"wp-page\" data-elementor-id=\"3527\" class=\"elementor elementor-3527\" data-elementor-post-type=\"page\">\n\t\t\t\t<div class=\"elementor-element elementor-element-4a83817d e-flex e-con-boxed e-con e-parent\" data-id=\"4a83817d\" data-element_type=\"container\" data-e-type=\"container\" data-settings=\"{&quot;background_background&quot;:&quot;classic&quot;}\">\n\t\t\t\t\t<div class=\"e-con-inner\">\n\t\t\t\t<div class=\"elementor-element elementor-element-5828fd10 elementor-widget elementor-widget-heading\" data-id=\"5828fd10\" data-element_type=\"widget\" data-e-type=\"widget\" data-widget_type=\"heading.default\">\n\t\t\t\t<div class=\"elementor-widget-container\">\n\t\t\t\t\t<h1 class=\"elementor-heading-title elementor-size-default\">MLS NEXT C\u00d3DIGO DE CONDUCTA\n<\/h1>\t\t\t\t<\/div>\n\t\t\t\t<\/div>\n\t\t\t\t\t<\/div>\n\t\t\t\t<\/div>\n\t\t<div class=\"elementor-element elementor-element-1c519e2d e-flex e-con-boxed e-con e-parent\" data-id=\"1c519e2d\" data-element_type=\"container\" data-e-type=\"container\">\n\t\t\t\t\t<div class=\"e-con-inner\">\n\t\t\t\t<div class=\"elementor-element elementor-element-48de04dc elementor-widget elementor-widget-heading\" data-id=\"48de04dc\" data-element_type=\"widget\" data-e-type=\"widget\" data-widget_type=\"heading.default\">\n\t\t\t\t<div class=\"elementor-widget-container\">\n\t\t\t\t\t<h2 class=\"elementor-heading-title elementor-size-default\">I. Panorama general\n<\/h2>\t\t\t\t<\/div>\n\t\t\t\t<\/div>\n\t\t\t\t<div class=\"elementor-element elementor-element-682dec20 elementor-widget elementor-widget-text-editor\" data-id=\"682dec20\" data-element_type=\"widget\" data-e-type=\"widget\" data-widget_type=\"text-editor.default\">\n\t\t\t\t<div class=\"elementor-widget-container\">\n\t\t\t\t\t\t\t\t\t<p><span style=\"font-weight: 400;\">MLS NEXT es una plataforma de competici\u00f3n de f\u00fatbol juvenil de \u00e9lite con la misi\u00f3n de proporcionar oportunidades de entrenamiento, desarrollo, educaci\u00f3n y competici\u00f3n de primera clase para jugadores de f\u00fatbol selectos de Estados Unidos y Canad\u00e1. MLS NEXT valora la deportividad, el juego limpio, el desarrollo de habilidades y el respeto mutuo entre todos los Jugadores, Entrenadores, oficiales y espectadores. Este C\u00f3digo de Conducta ha sido establecido y adoptado para asegurar que los principios rectores de MLS NEXT sean comprendidos y seguidos por todos los Participantes de MLS NEXT. Este C\u00f3digo de Conducta se aplica a todos los Partidos de MLS NEXT, Eventos de MLS NEXT, Competencias de MLS NEXT o cualquier otra actividad asociada con MLS NEXT.<\/span><\/p>\t\t\t\t\t\t\t\t<\/div>\n\t\t\t\t<\/div>\n\t\t\t\t<div class=\"elementor-element elementor-element-28e1da8b elementor-widget elementor-widget-heading\" data-id=\"28e1da8b\" data-element_type=\"widget\" data-e-type=\"widget\" data-widget_type=\"heading.default\">\n\t\t\t\t<div class=\"elementor-widget-container\">\n\t\t\t\t\t<h2 class=\"elementor-heading-title elementor-size-default\">II. C\u00f3digo de conducta\n<\/h2>\t\t\t\t<\/div>\n\t\t\t\t<\/div>\n\t\t\t\t<div class=\"elementor-element elementor-element-580292a5 elementor-widget elementor-widget-text-editor\" data-id=\"580292a5\" data-element_type=\"widget\" data-e-type=\"widget\" data-widget_type=\"text-editor.default\">\n\t\t\t\t<div class=\"elementor-widget-container\">\n\t\t\t\t\t\t\t\t\t<p>a. Principios generales<br \/>Al intentar participar en MLS NEXT, cada Participante de MLS NEXT aceptar\u00e1 comportarse de acuerdo con los siguientes Principios Generales:<br \/>Cada Participante de MLS NEXT acuerda que ha le\u00eddo, comprendido y aceptado acatar toda la informaci\u00f3n contenida en las Reglas y Pol\u00edticas de MLS NEXT que le sean aplicables, que incluyen, entre otras, las Reglas y Regulaciones de MLS NEXT, la Pol\u00edtica de Seguridad y Bienestar de MLS NEXT, el C\u00f3digo Disciplinario de MLS NEXT, la Pol\u00edtica de Privacidad de MLS NEXT y cualquier otra regla, regulaci\u00f3n, pol\u00edtica, pauta, procedimiento o directiva de Player Development, L.L.C. (\u201cPDev\u201d) y sus afiliadas.<br \/>ii. Cada Participante de MLS NEXT acuerda que comprende y cumplir\u00e1 con el C\u00f3digo de Conducta de MLS NEXT y se abstendr\u00e1 de realizar cualquier acci\u00f3n que viole esta Pol\u00edtica. Cada Participante de MLS NEXT acuerda que ayudar\u00e1 a fomentar un entorno seguro y acogedor para todos los Jugadores, Entrenadores, padres, espectadores o cualquier otro Participante de MLS NEXT. Cada Participante de MLS NEXT acuerda que no tomar\u00e1 Acciones Ofensivas (como se define a continuaci\u00f3n en la Secci\u00f3n III), insultar\u00e1, se burlar\u00e1, ridiculizar\u00e1 o menospreciar\u00e1, de ninguna manera, a otro Participante de MLS NEXT. Si se determina que alg\u00fan Participante de MLS NEXT no garantiz\u00f3 un entorno seguro y acogedor, entonces dicho Participante de MLS NEXT puede estar sujeto a Sanciones, incluyendo, entre otras, la suspensi\u00f3n de MLS NEXT.<br \/>iii. Cada Participante de MLS NEXT se compromete a facilitar un entorno diverso e inclusivo. Cada Participante de MLS NEXT reconoce que la discriminaci\u00f3n, los comentarios ofensivos o las acciones adversas de cualquier tipo que surjan de o en relaci\u00f3n con el Estatus de Protecci\u00f3n de un individuo (tal como se define en la Pol\u00edtica de Seguridad y Bienestar de MLS NEXT) no ser\u00e1n tolerados en MLS NEXT, y un Participante de MLS NEXT se enfrentar\u00e1 a Sanciones graves y significativas, hasta e incluyendo la expulsi\u00f3n de MLS NEXT, en caso de que se determine que tales acciones han ocurrido.<br \/>iv. Cada Participante de MLS NEXT acuerda por el presente que no participar\u00e1 en el arreglo de partidos, apuestas, juegos de azar o cualquier otra forma de apuestas en los Partidos. Cada Participante de MLS NEXT acuerda por el presente que no recibir\u00e1 ning\u00fan regalo, comida u otro tipo de alojamiento en relaci\u00f3n con el resultado de un Evento o Competici\u00f3n de MLS NEXT. Si se determina que un Participante de MLS NEXT particip\u00f3 en cualquiera de las actividades antes mencionadas, dicho Participante de MLS NEXT podr\u00e1 incurrir en Sanciones graves y significativas, incluidas, entre otras, Prohibiciones de por vida y Multas.<br \/>v. Cada Participante de MLS NEXT acuerda por la presente que no participar\u00e1 en ninguna conducta que sea ilegal, violenta, peligrosa, irresponsable o que perjudique de otro modo la reputaci\u00f3n de PDev, MLS o sus afiliados. Un Participante de MLS NEXT se enfrentar\u00e1 a Sanciones serias y significativas si se descubre que ha realizado cualquier acci\u00f3n que socave el respeto p\u00fablico y el apoyo al deporte del f\u00fatbol, PDev, MLS o sus afiliados.<br \/>vi. Cada Participante de MLS NEXT se compromete por la presente a informar de cualquier irregularidad o violaci\u00f3n de esta Pol\u00edtica, de la Pol\u00edtica de Seguridad y Bienestar de MLS NEXT, o de cualquier Norma o Pol\u00edtica de MLS NEXT, a los \u00f3rganos de gobierno correspondientes. Si se determina que un Participante de MLS NEXT no denunci\u00f3 dichas violaciones o infracciones, dicho Participante de MLS NEXT podr\u00e1 incurrir en Sanciones.<\/p><p>b. C\u00f3digo de Conducta del Entrenador MLS NEXT<br \/>El Club proporcionar\u00e1 a cada Entrenador Principal copias del C\u00f3digo de Conducta antes del comienzo de una temporada de MLS NEXT. Cada Entrenador Principal es responsable de revisar el C\u00f3digo de Conducta de MLS NEXT con sus entrenadores asistentes y Jugadores y de promover su cumplimiento. Adem\u00e1s, el Entrenador Principal debe poner el C\u00f3digo de Conducta a disposici\u00f3n de los padres de sus Jugadores y otros espectadores del Club y tomar o facilitar medidas inmediatas para abordar el incumplimiento.<br \/>Adem\u00e1s de los Principios Generales anteriores, cada Entrenador se asegurar\u00e1 de que su conducta sea la de un entrenador responsable. Para cumplir satisfactoriamente estas responsabilidades, se espera que el Entrenador:<br \/>i. Instruir a los Jugadores en las reglas y entrenar a su equipo de tal manera que motive a cada Jugador a competir siempre de acuerdo con las reglas.<br \/>ii. Respetar a los oficiales de partido y abstenerse de cuestionar sus decisiones de manera irrespetuosa o abusiva.<br \/>iii. Procurar que los seguidores de su equipo se comporten siempre con deportividad y madurez mientras asistan a los lugares de los partidos y ayudar a los oficiales de partido a mantener el control de los espectadores durante los partidos.<br \/>iv. Respetar a los Entrenadores y Jugadores del equipo contrario tanto durante el juego del partido como a su conclusi\u00f3n, independientemente del resultado.<br \/>v. Mantener el control de sus emociones y evitar acciones, lenguaje y\/o gestos que puedan interpretarse como hostiles y humillantes.<br \/>vi. Abstenerse de realizar cualquier acci\u00f3n que pueda intimidar, ofender, insultar, humillar o discriminar a cualquier otra persona por motivos de sexo, raza, discapacidad, edad, creencias religiosas o pol\u00edticas, orientaci\u00f3n sexual, origen social, origen \u00e9tnico, lengua, estado civil o embarazo.<br \/>vii. Abstenerse de consumir drogas o alcohol en presencia de Jugadores o estar bajo la influencia\/experimentando los efectos posteriores del alcohol o las drogas mientras desempe\u00f1an sus funciones de Entrenador\/personal (esto se aplica a Partidos, entrenamientos, as\u00ed como a actividades sancionadas del Club).<br \/>viii. Abstenerse de realizar cualquier Acci\u00f3n Ofensiva durante un Partido de MLS NEXT, un Torneo de MLS NEXT, un Evento de MLS NEXT o cualquier otra actividad asociada con MLS NEXT.<br \/>c. C\u00f3digo de Conducta del Jugador MLS NEXT<br \/>Adem\u00e1s de los Principios Generales anteriores, se espera que todos los Jugadores:<br \/>i. Aceptar y observar la autoridad y las decisiones de los Oficiales de Partido y de todos los dem\u00e1s organismos disciplinarios de la MLS NEXT.<br \/>ii. Abstenerse de realizar cualquier acci\u00f3n que pueda intimidar, ofender, insultar, humillar o discriminar a cualquier otra persona por motivos de sexo, raza, discapacidad, edad, creencias religiosas o pol\u00edticas, orientaci\u00f3n sexual, origen social, origen \u00e9tnico, lengua, estado civil o pareja de hecho, o embarazo.<br \/>iii. Reconocer y apreciar los esfuerzos realizados por Entrenadores, padres, Oficiales de Partido y administradores para brindar la oportunidad de jugar al f\u00fatbol MLS NEXT y disfrutar del ambiente deportivo.<br \/>iv. Garantizar que el partido se juegue y se desarrolle de acuerdo con la disciplina y el comportamiento deportivo, y reconocer que no basta con confiar \u00fanicamente en un oficial de partido para mantener dichos principios.<br \/>v. Respetar a los Entrenadores y Jugadores del equipo contrario tanto durante el juego del partido como a su conclusi\u00f3n, independientemente del resultado.<br \/>vi. Abstenerse de realizar cualquier Acci\u00f3n Ofensiva durante un Partido de MLS NEXT, Torneo de MLS NEXT, Evento de MLS NEXT o cualquier otra actividad asociada con MLS NEXT.<br \/>d. C\u00f3digo de conducta para padres y espectadores<br \/>Adem\u00e1s de los Principios Generales arriba mencionados, cada padre y espectador se asegurar\u00e1 de que su conducta sea la de un observador responsable. Para cumplir satisfactoriamente con estas responsabilidades, se espera que cada padre o espectador:<br \/>i. Respetar las reglas del partido y animar a su equipo de manera positiva y solidaria.<br \/>ii. Respetar a los oficiales de partido y abstenerse de cuestionar sus decisiones de manera irrespetuosa o abusiva.<br \/>iii. No interactuar de forma negativa con otros espectadores, padres, jugadores o entrenadores del equipo contrario, incluido el uso de lenguaje abusivo u hostil o gestos de mal humor.<br \/>iv. Abstenerse de realizar cualquier acci\u00f3n que pueda intimidar, ofender, insultar, humillar o discriminar a cualquier otra persona por motivos de sexo, raza, discapacidad, edad, creencias religiosas o pol\u00edticas, orientaci\u00f3n sexual, origen social, origen \u00e9tnico, lengua, estado civil o pareja de hecho o embarazo.<br \/>v. Abstenerse de realizar cualquier Acci\u00f3n Ofensiva durante un Partido de MLS NEXT, un Torneo de MLS NEXT, un Evento de MLS NEXT o cualquier otra actividad asociada con MLS NEXT.<\/p>\t\t\t\t\t\t\t\t<\/div>\n\t\t\t\t<\/div>\n\t\t\t\t<div class=\"elementor-element elementor-element-2102b14b elementor-widget elementor-widget-heading\" data-id=\"2102b14b\" data-element_type=\"widget\" data-e-type=\"widget\" data-widget_type=\"heading.default\">\n\t\t\t\t<div class=\"elementor-widget-container\">\n\t\t\t\t\t<h2 class=\"elementor-heading-title elementor-size-default\">III. Acciones ofensivas\n<\/h2>\t\t\t\t<\/div>\n\t\t\t\t<\/div>\n\t\t\t\t<div class=\"elementor-element elementor-element-36a7770e elementor-widget elementor-widget-text-editor\" data-id=\"36a7770e\" data-element_type=\"widget\" data-e-type=\"widget\" data-widget_type=\"text-editor.default\">\n\t\t\t\t<div class=\"elementor-widget-container\">\n\t\t\t\t\t\t\t\t\tLas Acciones Ofensivas, tal como se definen a continuaci\u00f3n, est\u00e1n espec\u00edficamente prohibidas por el C\u00f3digo de Conducta NEXT de la MLS:\ni. Negarse a acatar la decisi\u00f3n de un Oficial del Partido.\nii. Abusar verbalmente o agredir a cualquier Jugador, Entrenador, Oficial de Partido, padre, espectador o Personal del Programa MLS NEXT, durante un Partido, Competencia o Evento de MLS NEXT.\niii. Agredir f\u00edsicamente, abusar, amenazar, a cualquier Jugador, Entrenador, Oficial de Partido, padre, espectador o Personal del Programa MLS NEXT, durante un Partido, Competencia o Evento de MLS NEXT.\niv. Acechar, seguir o intentar intimidar a cualquier Jugador, Entrenador, Oficial de Partido, padre, espectador o Personal del Programa MLS NEXT, durante un Partido, Competencia o Evento de MLS NEXT.\nv. Participar en cualquier otro tipo de comportamiento violento, como arrojar equipos u otros objetos a cualquier Jugador, Entrenador, Oficial de Partido, padre, espectador o Personal del Programa MLS NEXT, durante un Partido, Competencia o Evento de MLS NEXT.\nvi. No seguir las solicitudes del personal de la sede con respecto a las operaciones en el campo, las pol\u00edticas o los procedimientos de respuesta ante emergencias.\nvii. Participar en cualquier comportamiento lascivo o sexualmente expl\u00edcito durante un Partido, Competencia o Evento de MLS NEXT.\nviii. Consumir drogas o alcohol mientras entrena, asiste o participa en cualquier Partido, Competencia o Evento de MLS NEXT.\nix. Participar en cualquier acci\u00f3n que pueda intimidar, ofender, insultar, humillar o discriminar a cualquier otra persona por motivos de g\u00e9nero, raza, discapacidad, edad, creencias religiosas o pol\u00edticas, orientaci\u00f3n sexual, origen social, origen \u00e9tnico, idioma, estado civil o embarazo.\nIV. Infracciones\nNo se tolerar\u00e1n las infracciones del C\u00f3digo de Conducta. Toda persona que no respete las expectativas de conducta debe estar preparada para asumir las consecuencias. Cualquier individuo que haya violado el C\u00f3digo de Conducta, entre otras cosas, participando en peleas, usando lenguaje grosero o abusivo, lanzando objetos, mostrando un comportamiento perturbador o realizando cualquier Acci\u00f3n Ofensiva como se define anteriormente, estar\u00e1 sujeto a la expulsi\u00f3n del Evento MLS NEXT, as\u00ed como a cualquier pena y sanci\u00f3n adicional aplicable seg\u00fan lo establecido en el C\u00f3digo Disciplinario de MLS NEXT.\t\t\t\t\t\t\t\t<\/div>\n\t\t\t\t<\/div>\n\t\t\t\t\t<\/div>\n\t\t\t\t<\/div>\n\t\t\t\t<\/div>","protected":false},"excerpt":{"rendered":"<p>MLS NEXT CODE OF CONDUCT I. Overview MLS NEXT is an elite youth soccer competition platform with the mission of providing world-class training, development, education, and competition opportunities for select soccer players across the United States and Canada. MLS NEXT values sportsmanship, fair play, skill development, and mutual respect among all Players, Coaches, officials, and [&hellip;]<\/p>\n","protected":false},"author":2,"featured_media":0,"parent":0,"menu_order":0,"comment_status":"closed","ping_status":"closed","template":"","meta":{"_acf_changed":false,"footnotes":""},"class_list":["post-3527","page","type-page","status-publish","hentry"],"acf":[],"_links":{"self":[{"href":"https:\/\/solsportsclub.org\/es\/wp-json\/wp\/v2\/pages\/3527","targetHints":{"allow":["GET"]}}],"collection":[{"href":"https:\/\/solsportsclub.org\/es\/wp-json\/wp\/v2\/pages"}],"about":[{"href":"https:\/\/solsportsclub.org\/es\/wp-json\/wp\/v2\/types\/page"}],"author":[{"embeddable":true,"href":"https:\/\/solsportsclub.org\/es\/wp-json\/wp\/v2\/users\/2"}],"replies":[{"embeddable":true,"href":"https:\/\/solsportsclub.org\/es\/wp-json\/wp\/v2\/comments?post=3527"}],"version-history":[{"count":3,"href":"https:\/\/solsportsclub.org\/es\/wp-json\/wp\/v2\/pages\/3527\/revisions"}],"predecessor-version":[{"id":3530,"href":"https:\/\/solsportsclub.org\/es\/wp-json\/wp\/v2\/pages\/3527\/revisions\/3530"}],"wp:attachment":[{"href":"https:\/\/solsportsclub.org\/es\/wp-json\/wp\/v2\/media?parent=3527"}],"curies":[{"name":"wp","href":"https:\/\/api.w.org\/{rel}","templated":true}]}}