{"id":3527,"date":"2025-10-28T13:50:11","date_gmt":"2025-10-28T13:50:11","guid":{"rendered":"https:\/\/solsportsclub.org\/?page_id=3527"},"modified":"2025-10-28T13:55:26","modified_gmt":"2025-10-28T13:55:26","slug":"mls-next-code-of-conduct","status":"publish","type":"page","link":"https:\/\/solsportsclub.org\/pt\/mls-next-code-of-conduct\/","title":{"rendered":"C\u00d3DIGO DE CONDUTA DA MLS NEXT"},"content":{"rendered":"<div data-elementor-type=\"wp-page\" data-elementor-id=\"3527\" class=\"elementor elementor-3527\" data-elementor-post-type=\"page\">\n\t\t\t\t<div class=\"elementor-element elementor-element-4a83817d e-flex e-con-boxed e-con e-parent\" data-id=\"4a83817d\" data-element_type=\"container\" data-e-type=\"container\" data-settings=\"{&quot;background_background&quot;:&quot;classic&quot;}\">\n\t\t\t\t\t<div class=\"e-con-inner\">\n\t\t\t\t<div class=\"elementor-element elementor-element-5828fd10 elementor-widget elementor-widget-heading\" data-id=\"5828fd10\" data-element_type=\"widget\" data-e-type=\"widget\" data-widget_type=\"heading.default\">\n\t\t\t\t<div class=\"elementor-widget-container\">\n\t\t\t\t\t<h1 class=\"elementor-heading-title elementor-size-default\">C\u00d3DIGO DE CONDUTA DA MLS NEXT\n<\/h1>\t\t\t\t<\/div>\n\t\t\t\t<\/div>\n\t\t\t\t\t<\/div>\n\t\t\t\t<\/div>\n\t\t<div class=\"elementor-element elementor-element-1c519e2d e-flex e-con-boxed e-con e-parent\" data-id=\"1c519e2d\" data-element_type=\"container\" data-e-type=\"container\">\n\t\t\t\t\t<div class=\"e-con-inner\">\n\t\t\t\t<div class=\"elementor-element elementor-element-48de04dc elementor-widget elementor-widget-heading\" data-id=\"48de04dc\" data-element_type=\"widget\" data-e-type=\"widget\" data-widget_type=\"heading.default\">\n\t\t\t\t<div class=\"elementor-widget-container\">\n\t\t\t\t\t<h2 class=\"elementor-heading-title elementor-size-default\">I. Vis\u00e3o geral\n<\/h2>\t\t\t\t<\/div>\n\t\t\t\t<\/div>\n\t\t\t\t<div class=\"elementor-element elementor-element-682dec20 elementor-widget elementor-widget-text-editor\" data-id=\"682dec20\" data-element_type=\"widget\" data-e-type=\"widget\" data-widget_type=\"text-editor.default\">\n\t\t\t\t<div class=\"elementor-widget-container\">\n\t\t\t\t\t\t\t\t\t<p><span style=\"font-weight: 400;\">A MLS NEXT \u00e9 uma plataforma de competi\u00e7\u00e3o de futebol juvenil de elite com a miss\u00e3o de oferecer oportunidades de treinamento, desenvolvimento, educa\u00e7\u00e3o e competi\u00e7\u00e3o de classe mundial para jogadores de futebol selecionados nos Estados Unidos e no Canad\u00e1. A MLS NEXT valoriza o esp\u00edrito esportivo, o jogo limpo, o desenvolvimento de habilidades e o respeito m\u00fatuo entre todos os jogadores, t\u00e9cnicos, dirigentes e espectadores. Este C\u00f3digo de Conduta foi estabelecido e adotado para assegurar que os princ\u00edpios orientadores da MLS NEXT sejam compreendidos e seguidos por todos os participantes da MLS NEXT. Este C\u00f3digo de Conduta aplica-se a todas as partidas, eventos, competi\u00e7\u00f5es ou qualquer outra atividade associada ao MLS NEXT.<\/span><\/p>\t\t\t\t\t\t\t\t<\/div>\n\t\t\t\t<\/div>\n\t\t\t\t<div class=\"elementor-element elementor-element-28e1da8b elementor-widget elementor-widget-heading\" data-id=\"28e1da8b\" data-element_type=\"widget\" data-e-type=\"widget\" data-widget_type=\"heading.default\">\n\t\t\t\t<div class=\"elementor-widget-container\">\n\t\t\t\t\t<h2 class=\"elementor-heading-title elementor-size-default\">II. C\u00f3digo de Conduta\n<\/h2>\t\t\t\t<\/div>\n\t\t\t\t<\/div>\n\t\t\t\t<div class=\"elementor-element elementor-element-580292a5 elementor-widget elementor-widget-text-editor\" data-id=\"580292a5\" data-element_type=\"widget\" data-e-type=\"widget\" data-widget_type=\"text-editor.default\">\n\t\t\t\t<div class=\"elementor-widget-container\">\n\t\t\t\t\t\t\t\t\t<p>a. Princ\u00edpios gerais<br \/>Ao buscar participar do MLS NEXT, cada Participante do MLS NEXT concordar\u00e1 em se comportar de acordo com os seguintes Princ\u00edpios Gerais:<br \/>Cada Participante da MLS NEXT concorda que leu, entendeu e concordou em cumprir todas as informa\u00e7\u00f5es contidas nas Regras e Pol\u00edticas da MLS NEXT aplic\u00e1veis a ele, que incluem, sem limita\u00e7\u00e3o, as Regras e Regulamentos da MLS NEXT, a Pol\u00edtica de Seguran\u00e7a e Bem-Estar da MLS NEXT, o C\u00f3digo Disciplinar da MLS NEXT, a Pol\u00edtica de Privacidade da MLS NEXT e quaisquer outras regras, regulamentos, pol\u00edticas, diretrizes, procedimentos ou diretivas da Player Development, L.L.C. (\u201cPDev\u201d) e suas afiliadas.<br \/>ii. Cada participante da MLS NEXT concorda que compreende e cumprir\u00e1 o C\u00f3digo de Conduta da MLS NEXT e se abster\u00e1 de tomar qualquer atitude que viole esta Pol\u00edtica. Cada Participante do MLS NEXT concorda que ajudar\u00e1 a promover um ambiente seguro e acolhedor para todos os jogadores, t\u00e9cnicos, pais, espectadores ou qualquer outro Participante do MLS NEXT. Cada Participante da MLS NEXT concorda que n\u00e3o tomar\u00e1 atitudes ofensivas (conforme definido abaixo na Se\u00e7\u00e3o III), insultar\u00e1, zombar\u00e1, ridicularizar\u00e1 ou depreciar\u00e1, de qualquer forma, outro Participante da MLS NEXT. Se for determinado que qualquer Participante da MLS NEXT n\u00e3o conseguiu garantir um ambiente seguro e acolhedor, tal Participante da MLS NEXT poder\u00e1 estar sujeito a San\u00e7\u00f5es, incluindo, entre outras, a suspens\u00e3o da MLS NEXT.<br \/>iii. Cada participante da MLS NEXT concorda que est\u00e1 comprometido em facilitar um ambiente diversificado e inclusivo. Cada participante da MLS NEXT reconhece que discrimina\u00e7\u00e3o, coment\u00e1rios ofensivos ou a\u00e7\u00f5es adversas de qualquer tipo decorrentes ou relacionadas ao status de prote\u00e7\u00e3o de um indiv\u00edduo (conforme definido na Pol\u00edtica de seguran\u00e7a e bem-estar da MLS NEXT) n\u00e3o ser\u00e3o tolerados na MLS NEXT, e um participante da MLS NEXT enfrentar\u00e1 san\u00e7\u00f5es s\u00e9rias e significativas, incluindo a remo\u00e7\u00e3o da MLS NEXT, caso seja determinado que tais a\u00e7\u00f5es ocorreram.<br \/>iv. Cada Participante do MLS NEXT concorda, por meio deste documento, que n\u00e3o se envolver\u00e1 em manipula\u00e7\u00e3o de resultados, apostas, jogos de azar ou qualquer outra forma de aposta nas partidas. Cada Participante do MLS NEXT concorda, por meio deste documento, que n\u00e3o receber\u00e1 presentes, refei\u00e7\u00f5es ou outras acomoda\u00e7\u00f5es relacionadas ao resultado de um Evento ou Competi\u00e7\u00e3o do MLS NEXT. Se for determinado que um Participante do MLS NEXT participou de qualquer uma das atividades acima mencionadas, tal Participante do MLS NEXT poder\u00e1 incorrer em San\u00e7\u00f5es s\u00e9rias e significativas, incluindo, mas n\u00e3o se limitando a, Proibi\u00e7\u00f5es vital\u00edcias e Multas.<br \/>v. Cada Participante do MLS NEXT concorda que n\u00e3o participar\u00e1 de nenhuma conduta ilegal, violenta, perigosa, irrespons\u00e1vel ou que seja prejudicial \u00e0 reputa\u00e7\u00e3o do PDev, da MLS ou de suas afiliadas. Um Participante do MLS NEXT sofrer\u00e1 San\u00e7\u00f5es s\u00e9rias e significativas se for descoberto que tomou qualquer a\u00e7\u00e3o que prejudique o respeito p\u00fablico e o apoio ao esporte do futebol, ao PDev, \u00e0 MLS ou \u00e0s suas afiliadas.<br \/>vi. Cada participante da MLS NEXT concorda, por meio deste documento, que denunciar\u00e1 qualquer irregularidade ou viola\u00e7\u00e3o desta Pol\u00edtica, da Pol\u00edtica de seguran\u00e7a e bem-estar da MLS NEXT ou de qualquer regra ou pol\u00edtica da MLS NEXT aos \u00f3rg\u00e3os governamentais apropriados. Se for determinado que um Participante da MLS NEXT n\u00e3o relatou tais viola\u00e7\u00f5es ou irregularidades, tal Participante da MLS NEXT poder\u00e1 incorrer em San\u00e7\u00f5es.<\/p><p>b. C\u00f3digo de Conduta do T\u00e9cnico da MLS NEXT<br \/>O clube fornecer\u00e1 a cada t\u00e9cnico principal c\u00f3pias do C\u00f3digo de Conduta antes do in\u00edcio de uma temporada da MLS NEXT. Cada treinador principal \u00e9 respons\u00e1vel por revisar o C\u00f3digo de Conduta da MLS NEXT com seus assistentes t\u00e9cnicos e jogadores e promover o cumprimento do mesmo. Al\u00e9m disso, o t\u00e9cnico principal dever\u00e1 disponibilizar o C\u00f3digo de Conduta aos pais de seus jogadores e a outros espectadores do clube e tomar ou facilitar a\u00e7\u00f5es imediatas para lidar com a n\u00e3o conformidade.<br \/>Al\u00e9m dos Princ\u00edpios Gerais acima, cada Coach dever\u00e1 garantir que sua conduta seja a de um coach respons\u00e1vel. Para cumprir satisfatoriamente essas responsabilidades, espera-se que o Coach:<br \/>i. Instruir os Jogadores sobre as regras e treinar sua equipe de forma a motivar cada Jogador a sempre competir de acordo com as regras.<br \/>ii. Respeitar os oficiais da partida e n\u00e3o questionar suas decis\u00f5es de forma desrespeitosa ou abusiva.<br \/>iii. Procurar garantir que os torcedores da sua equipe sempre se comportem com esp\u00edrito esportivo e maturidade enquanto estiverem presentes nos locais das partidas e ajudar os \u00e1rbitros a manter o controle dos espectadores durante os jogos.<br \/>iv. Respeitar os t\u00e9cnicos e jogadores da equipe advers\u00e1ria durante a partida e ao seu t\u00e9rmino, independentemente do resultado.<br \/>v. Manter o controle de suas emo\u00e7\u00f5es e evitar a\u00e7\u00f5es, linguagem e\/ou gestos que possam ser interpretados como hostis e humilhantes.<br \/>vi. Abster-se de tomar qualquer atitude que possa intimidar, ofender, insultar, humilhar ou discriminar qualquer outra pessoa com base em g\u00eanero, ra\u00e7a, defici\u00eancia, idade, cren\u00e7a religiosa ou pol\u00edtica, orienta\u00e7\u00e3o sexual, origem social, origem \u00e9tnica, idioma, estado civil ou de parceria civil ou gravidez.<br \/>vii. Abster-se de usar drogas ou \u00e1lcool na presen\u00e7a de Jogadores ou estar sob a influ\u00eancia\/experimentando os efeitos colaterais de \u00e1lcool ou drogas enquanto estiver desempenhando suas fun\u00e7\u00f5es de T\u00e9cnico\/funcion\u00e1rio (isso se aplica a Jogos, treinos e atividades sancionadas do Clube).<br \/>viii. Abster-se de realizar qualquer A\u00e7\u00e3o Ofensiva durante uma Partida da MLS NEXT, Torneio da MLS NEXT, Evento da MLS NEXT ou qualquer outra atividade associada \u00e0 MLS NEXT.<br \/>c. C\u00f3digo de Conduta do Jogador MLS NEXT<br \/>Al\u00e9m dos Princ\u00edpios Gerais acima, espera-se que todos os Jogadores:<br \/>i. Aceitar e observar a autoridade e as decis\u00f5es dos Oficiais da Partida e de todos os outros \u00f3rg\u00e3os disciplinares da MLS NEXT.<br \/>ii. Abster-se de tomar qualquer atitude que possa intimidar, ofender, insultar, humilhar ou discriminar qualquer outra pessoa com base em g\u00eanero, ra\u00e7a, defici\u00eancia, idade, cren\u00e7a religiosa ou pol\u00edtica, orienta\u00e7\u00e3o sexual, origem social, origem \u00e9tnica, idioma, estado civil ou de parceria civil ou gravidez.<br \/>iii. Reconhecer e apreciar os esfor\u00e7os feitos por t\u00e9cnicos, pais, \u00e1rbitros e administradores para oferecer a oportunidade de jogar futebol da MLS NEXT e desfrutar do ambiente esportivo.<br \/>iv. Garantir que a partida seja disputada e conduzida de acordo com a disciplina e o comportamento esportivo e reconhecer que n\u00e3o \u00e9 suficiente confiar apenas em um Oficial da Partida para manter esses princ\u00edpios.<br \/>v. Respeitar os t\u00e9cnicos e jogadores da equipe advers\u00e1ria durante a partida e ao seu t\u00e9rmino, independentemente do resultado.<br \/>vi. Abster-se de realizar qualquer a\u00e7\u00e3o ofensiva durante uma partida da MLS NEXT, torneio da MLS NEXT, evento da MLS NEXT ou qualquer outra atividade associada \u00e0 MLS NEXT.<br \/>d. C\u00f3digo de Conduta para Pais e Espectadores<br \/>Al\u00e9m dos Princ\u00edpios Gerais acima, cada pai e espectador dever\u00e1 garantir que sua conduta seja a de um observador respons\u00e1vel. Para cumprir satisfatoriamente essas responsabilidades, espera-se que cada pai ou espectador<br \/>i. Respeitar as regras da partida e torcer pela sua equipe de forma positiva e solid\u00e1ria.<br \/>ii. Respeitar os oficiais da partida e n\u00e3o questionar suas decis\u00f5es de forma desrespeitosa ou abusiva.<br \/>iii. N\u00e3o interagir de forma negativa com outros espectadores, pais, jogadores ou t\u00e9cnicos da equipe advers\u00e1ria, incluindo o uso de linguagem abusiva ou hostil ou gestos de mau humor.<br \/>iv. Abster-se de tomar qualquer atitude que possa intimidar, ofender, insultar, humilhar ou discriminar qualquer outra pessoa com base em g\u00eanero, ra\u00e7a, defici\u00eancia, idade, cren\u00e7a religiosa ou pol\u00edtica, orienta\u00e7\u00e3o sexual, origem social, origem \u00e9tnica, idioma, estado civil ou de parceria civil ou gravidez.<br \/>v. Abster-se de realizar qualquer a\u00e7\u00e3o ofensiva durante uma partida da MLS NEXT, torneio da MLS NEXT, evento da MLS NEXT ou qualquer outra atividade associada \u00e0 MLS NEXT.<\/p>\t\t\t\t\t\t\t\t<\/div>\n\t\t\t\t<\/div>\n\t\t\t\t<div class=\"elementor-element elementor-element-2102b14b elementor-widget elementor-widget-heading\" data-id=\"2102b14b\" data-element_type=\"widget\" data-e-type=\"widget\" data-widget_type=\"heading.default\">\n\t\t\t\t<div class=\"elementor-widget-container\">\n\t\t\t\t\t<h2 class=\"elementor-heading-title elementor-size-default\">III. A\u00e7\u00f5es ofensivas\n<\/h2>\t\t\t\t<\/div>\n\t\t\t\t<\/div>\n\t\t\t\t<div class=\"elementor-element elementor-element-36a7770e elementor-widget elementor-widget-text-editor\" data-id=\"36a7770e\" data-element_type=\"widget\" data-e-type=\"widget\" data-widget_type=\"text-editor.default\">\n\t\t\t\t<div class=\"elementor-widget-container\">\n\t\t\t\t\t\t\t\t\tAs A\u00e7\u00f5es Ofensivas, conforme definidas abaixo, s\u00e3o especificamente proibidas pelo C\u00f3digo de Conduta da MLS NEXT:\ni. Recusar-se a acatar a decis\u00e3o de um Oficial da Partida.\nii. Abusar verbalmente ou agredir qualquer Jogador, T\u00e9cnico, Oficial da Partida, pai, espectador ou Equipe do Programa MLS NEXT, durante uma Partida, Competi\u00e7\u00e3o ou Evento da MLS NEXT.\niii. Agredir fisicamente, abusar, amea\u00e7ar qualquer Jogador, T\u00e9cnico, Oficial da Partida, pais, espectadores ou a Equipe do Programa MLS NEXT, durante uma Partida, Competi\u00e7\u00e3o ou Evento da MLS NEXT.\niv. Perseguir, seguir ou tentar intimidar qualquer Jogador, T\u00e9cnico, Oficial da Partida, pais, espectadores ou a Equipe do Programa MLS NEXT, durante uma Partida, Competi\u00e7\u00e3o ou Evento da MLS NEXT.\nv. Envolver-se em qualquer outro tipo de comportamento violento, como arremessar equipamentos ou outros objetos em qualquer Jogador, T\u00e9cnico, Oficial da Partida, pais, espectadores ou na Equipe do Programa MLS NEXT, durante uma Partida, Competi\u00e7\u00e3o ou Evento da MLS NEXT.\nvi. Deixar de seguir as solicita\u00e7\u00f5es da equipe do local em rela\u00e7\u00e3o \u00e0s opera\u00e7\u00f5es de campo, pol\u00edticas ou procedimentos de resposta a emerg\u00eancias.\nvii. Envolver-se em qualquer comportamento obsceno ou sexualmente expl\u00edcito durante uma partida, competi\u00e7\u00e3o ou evento da MLS NEXT.\nviii. Usar drogas ou \u00e1lcool enquanto estiver treinando, assistindo ou participando de qualquer partida, competi\u00e7\u00e3o ou evento da MLS NEXT.\nix. Envolver-se em qualquer a\u00e7\u00e3o que possa intimidar, ofender, insultar, humilhar ou discriminar qualquer outra pessoa com base em g\u00eanero, ra\u00e7a, defici\u00eancia, idade, cren\u00e7a religiosa ou pol\u00edtica, orienta\u00e7\u00e3o sexual, origem social, origem \u00e9tnica, idioma, estado civil ou de parceria civil ou gravidez.\nIV. Viola\u00e7\u00f5es\nAs viola\u00e7\u00f5es do C\u00f3digo de Conduta n\u00e3o ser\u00e3o toleradas. Qualquer indiv\u00edduo que n\u00e3o aderir \u00e0s expectativas de conduta deve estar preparado para aceitar as consequ\u00eancias. Qualquer indiv\u00edduo que violar o C\u00f3digo de Conduta por, entre outras coisas, envolver-se em brigas, usar linguagem chula ou abusiva, atirar objetos, apresentar comportamento perturbador ou realizar qualquer A\u00e7\u00e3o Ofensiva, conforme definido acima, estar\u00e1 sujeito a ser removido do Evento MLS NEXT, bem como a quaisquer penalidades e san\u00e7\u00f5es adicionais aplic\u00e1veis, conforme estabelecido no C\u00f3digo Disciplinar da MLS NEXT.\t\t\t\t\t\t\t\t<\/div>\n\t\t\t\t<\/div>\n\t\t\t\t\t<\/div>\n\t\t\t\t<\/div>\n\t\t\t\t<\/div>","protected":false},"excerpt":{"rendered":"<p>MLS NEXT CODE OF CONDUCT I. Overview MLS NEXT is an elite youth soccer competition platform with the mission of providing world-class training, development, education, and competition opportunities for select soccer players across the United States and Canada. MLS NEXT values sportsmanship, fair play, skill development, and mutual respect among all Players, Coaches, officials, and [&hellip;]<\/p>\n","protected":false},"author":2,"featured_media":0,"parent":0,"menu_order":0,"comment_status":"closed","ping_status":"closed","template":"","meta":{"_acf_changed":false,"footnotes":""},"class_list":["post-3527","page","type-page","status-publish","hentry"],"acf":[],"_links":{"self":[{"href":"https:\/\/solsportsclub.org\/pt\/wp-json\/wp\/v2\/pages\/3527","targetHints":{"allow":["GET"]}}],"collection":[{"href":"https:\/\/solsportsclub.org\/pt\/wp-json\/wp\/v2\/pages"}],"about":[{"href":"https:\/\/solsportsclub.org\/pt\/wp-json\/wp\/v2\/types\/page"}],"author":[{"embeddable":true,"href":"https:\/\/solsportsclub.org\/pt\/wp-json\/wp\/v2\/users\/2"}],"replies":[{"embeddable":true,"href":"https:\/\/solsportsclub.org\/pt\/wp-json\/wp\/v2\/comments?post=3527"}],"version-history":[{"count":3,"href":"https:\/\/solsportsclub.org\/pt\/wp-json\/wp\/v2\/pages\/3527\/revisions"}],"predecessor-version":[{"id":3530,"href":"https:\/\/solsportsclub.org\/pt\/wp-json\/wp\/v2\/pages\/3527\/revisions\/3530"}],"wp:attachment":[{"href":"https:\/\/solsportsclub.org\/pt\/wp-json\/wp\/v2\/media?parent=3527"}],"curies":[{"name":"wp","href":"https:\/\/api.w.org\/{rel}","templated":true}]}}